{"id":2880,"date":"2021-02-04T10:00:29","date_gmt":"2021-02-04T10:00:29","guid":{"rendered":"https:\/\/juliette.novaworks.net\/?page_id=19"},"modified":"2025-05-24T02:06:43","modified_gmt":"2025-05-24T02:06:43","slug":"about-us","status":"publish","type":"page","link":"https:\/\/gariurban.com\/?page_id=2880","title":{"rendered":"Qui\u00e9nes Somos"},"content":{"rendered":"\t\t<div data-elementor-type=\"wp-page\" data-elementor-id=\"2880\" class=\"elementor elementor-2880\">\n\t\t\t\t\t\t<div class=\"elementor-section elementor-top-section elementor-element elementor-element-72f9660 elementor-section-boxed elementor-section-height-default elementor-section-height-default\" data-id=\"72f9660\" data-element_type=\"section\">\n\t\t\t\t\t\t<div class=\"elementor-container elementor-column-gap-default\">\n\t\t\t\t\t<div class=\"elementor-column elementor-col-100 elementor-top-column elementor-element elementor-element-c185c54\" data-id=\"c185c54\" data-element_type=\"column\">\n\t\t\t<div class=\"elementor-widget-wrap elementor-element-populated\">\n\t\t\t\t\t\t<div class=\"elementor-element elementor-element-9d1bc05 elementor-widget elementor-widget-spacer\" data-id=\"9d1bc05\" data-element_type=\"widget\" data-widget_type=\"spacer.default\">\n\t\t\t\t<div class=\"elementor-widget-container\">\n\t\t\t\t\t\t\t<div class=\"elementor-spacer\">\n\t\t\t<div class=\"elementor-spacer-inner\"><\/div>\n\t\t<\/div>\n\t\t\t\t\t\t<\/div>\n\t\t\t\t<\/div>\n\t\t\t\t<div class=\"elementor-element elementor-element-00220ab elementor-widget elementor-widget-heading\" data-id=\"00220ab\" data-element_type=\"widget\" data-widget_type=\"heading.default\">\n\t\t\t\t<div class=\"elementor-widget-container\">\n\t\t\t\t\t<h2 class=\"elementor-heading-title elementor-size-default\">Qui\u00e9nes Somos <\/h2>\t\t\t\t<\/div>\n\t\t\t\t<\/div>\n\t\t\t\t<div class=\"elementor-element elementor-element-6b89623 elementor-widget elementor-widget-spacer\" data-id=\"6b89623\" data-element_type=\"widget\" data-widget_type=\"spacer.default\">\n\t\t\t\t<div class=\"elementor-widget-container\">\n\t\t\t\t\t\t\t<div class=\"elementor-spacer\">\n\t\t\t<div class=\"elementor-spacer-inner\"><\/div>\n\t\t<\/div>\n\t\t\t\t\t\t<\/div>\n\t\t\t\t<\/div>\n\t\t\t\t\t<\/div>\n\t\t<\/div>\n\t\t\t\t\t<\/div>\n\t\t<\/div>\n\t\t<div class=\"elementor-element elementor-element-d584a67 e-flex e-con-boxed e-con e-parent\" data-id=\"d584a67\" data-element_type=\"container\">\n\t\t\t\t\t<div class=\"e-con-inner\">\n\t\t<div class=\"elementor-element elementor-element-ee22015 e-con-full e-flex e-con e-child\" data-id=\"ee22015\" data-element_type=\"container\">\n\t\t\t\t<div class=\"elementor-element elementor-element-fcd1694 elementor-widget elementor-widget-text-editor\" data-id=\"fcd1694\" data-element_type=\"widget\" data-widget_type=\"text-editor.default\">\n\t\t\t\t<div class=\"elementor-widget-container\">\n\t\t\t\t\t\t\t\t\t<p>Somos creadores de tendencias oversize para dama y caballero dise\u00f1os exclusivos.<\/p><p class=\"\" data-start=\"499\" data-end=\"742\">Nos inspira el arte urbano, la m\u00fasica, el skate, el hip hop, y todo lo que representa la libertad de ser uno mismo. Cada prenda que dise\u00f1amos o seleccionamos habla por ti, porque sabemos que tu ropa es una forma de decirle al mundo qui\u00e9n eres.<\/p><p class=\"\" data-start=\"744\" data-end=\"876\">Ofrecemos piezas \u00fanicas, con dise\u00f1os actuales y materiales de calidad, para que te veas y te sientas incre\u00edble en cada paso que das.<\/p><p data-start=\"744\" data-end=\"876\">Somos m\u00e1s que una tienda: somos una expresi\u00f3n de estilo, actitud y cultura callejera. Nacimos con la idea de ofrecer ropa urbana aut\u00e9ntica, c\u00f3moda y con identidad, pensada para quienes viven la ciudad con pasi\u00f3n, creatividad y personalidad.<\/p><h2 style=\"text-align: center;\" data-start=\"744\" data-end=\"876\">Misi\u00f3n\u00a0<\/h2><p>Inspirar y empoderar a las personas a expresar su estilo y autenticidad a trav\u00e9s de ropa urbana de calidad, con dise\u00f1os originales que representen la cultura callejera, la creatividad y la libertad de ser uno mismo. Nos esforzamos por ofrecer una experiencia cercana, innovadora y accesible, conectando con cada cliente desde su esencia.<\/p><h2 style=\"text-align: center;\">Visi\u00f3n\u00a0<\/h2><p class=\"\" data-start=\"616\" data-end=\"862\">Ser una marca l\u00edder en moda urbana a nivel nacional, reconocida por su autenticidad, impacto cultural y compromiso con las nuevas generaciones. Queremos ser una plataforma de expresi\u00f3n, arte y estilo, creando comunidad y tendencia en cada prenda.<\/p>\t\t\t\t\t\t\t\t<\/div>\n\t\t\t\t<\/div>\n\t\t\t\t<\/div>\n\t\t<div class=\"elementor-element elementor-element-66da86b e-con-full e-flex e-con e-child\" data-id=\"66da86b\" data-element_type=\"container\">\n\t\t\t\t<div class=\"elementor-element elementor-element-f240e92 elementor-widget elementor-widget-image\" data-id=\"f240e92\" data-element_type=\"widget\" data-widget_type=\"image.default\">\n\t\t\t\t<div class=\"elementor-widget-container\">\n\t\t\t\t\t\t\t\t\t\t\t\t\t\t\t<img fetchpriority=\"high\" decoding=\"async\" width=\"690\" height=\"1024\" src=\"https:\/\/gariurban.com\/wp-content\/uploads\/2025\/05\/469777275_122211145646068662_2189344203250537952_n-690x1024.jpg\" class=\"attachment-large size-large wp-image-3080\" alt=\"\" srcset=\"https:\/\/gariurban.com\/wp-content\/uploads\/2025\/05\/469777275_122211145646068662_2189344203250537952_n-690x1024.jpg 690w, https:\/\/gariurban.com\/wp-content\/uploads\/2025\/05\/469777275_122211145646068662_2189344203250537952_n-202x300.jpg 202w, https:\/\/gariurban.com\/wp-content\/uploads\/2025\/05\/469777275_122211145646068662_2189344203250537952_n-768x1140.jpg 768w, https:\/\/gariurban.com\/wp-content\/uploads\/2025\/05\/469777275_122211145646068662_2189344203250537952_n.jpg 862w\" sizes=\"(max-width: 690px) 100vw, 690px\" \/>\t\t\t\t\t\t\t\t\t\t\t\t\t\t\t<\/div>\n\t\t\t\t<\/div>\n\t\t\t\t<\/div>\n\t\t\t\t\t<\/div>\n\t\t\t\t<\/div>\n\t\t\t\t<div class=\"elementor-section elementor-top-section elementor-element elementor-element-5da5c17 elementor-section-boxed elementor-section-height-default elementor-section-height-default\" data-id=\"5da5c17\" data-element_type=\"section\">\n\t\t\t\t\t\t<div class=\"elementor-container elementor-column-gap-default\">\n\t\t\t\t\t<div class=\"elementor-column elementor-col-100 elementor-top-column elementor-element elementor-element-2f80fed\" data-id=\"2f80fed\" data-element_type=\"column\">\n\t\t\t<div class=\"elementor-widget-wrap elementor-element-populated\">\n\t\t\t\t\t\t<div class=\"elementor-element elementor-element-decc395 elementor-widget elementor-widget-novaworks-advanced-carousel\" data-id=\"decc395\" data-element_type=\"widget\" data-widget_type=\"novaworks-advanced-carousel.default\">\n\t\t\t\t<div class=\"elementor-widget-container\">\n\t\t\t\t\t<div class=\"novaworks-carousel-wrap novaworks-equal-cols novaworks-advance-carousel-layout-simple\">\n\t<div class=\"novaworks-carousel slick-carousel js-el\" data-slider_config=\"{&quot;slidesToShow&quot;:{&quot;desktop&quot;:7,&quot;laptop&quot;:7,&quot;tablet&quot;:5,&quot;tabletportrait&quot;:5,&quot;mobile&quot;:2},&quot;autoplaySpeed&quot;:5000,&quot;autoplay&quot;:true,&quot;infinite&quot;:true,&quot;pauseOnHover&quot;:false,&quot;speed&quot;:500,&quot;arrows&quot;:false,&quot;dots&quot;:false,&quot;slidesToScroll&quot;:1,&quot;prevArrow&quot;:&quot;&lt;button class=\\&quot;novaworks-arrow prev-arrow slick-prev\\&quot;&gt;&lt;i class=\\&quot;novaworksicon-left-arrow\\&quot;&gt;&lt;\\\/i&gt;&lt;\\\/button&gt;&quot;,&quot;variableWidth&quot;:false,&quot;nextArrow&quot;:&quot;&lt;button class=\\&quot;novaworks-arrow next-arrow slick-next\\&quot;&gt;&lt;i class=\\&quot;novaworksicon-right-arrow\\&quot;&gt;&lt;\\\/i&gt;&lt;\\\/button&gt;&quot;,&quot;rtl&quot;:false}\" dir=\"ltr\" data-nova_component=\"AutoCarousel\">\n<div class=\"novaworks-carousel__item\">\n\t<div class=\"novaworks-carousel__item-inner\"><a class=\"novaworks-images-layout__link\" href=\"https:\/\/www.serviciosweb.com.co\/gari-urban\/wp-content\/uploads\/2025\/05\/b_1.png\" data-elementor-open-lightbox=\"yes\" data-elementor-lightbox-slideshow=\"decc395\"><div class=\"novaworks-carousel__image\"><img decoding=\"async\" src=\"data:image\/gif;base64,R0lGODlhAQABAIAAAP\/\/\/wAAACH5BAEAAAAALAAAAAABAAEAAAICRAEAOw==\" data-src=\"https:\/\/gariurban.com\/wp-content\/uploads\/2025\/05\/b_1.png\" alt=\"\" class=\"nova-lazyload-image novaworks-images-layout__image-instance\" width=\"215\" height=\"72\" srcset=\"data:image\/gif;base64,R0lGODlhAQABAIAAAP\/\/\/wAAACH5BAEAAAAALAAAAAABAAEAAAICRAEAOw==\"><\/div><\/a><\/div>\n<\/div>\n<div class=\"novaworks-carousel__item\">\n\t<div class=\"novaworks-carousel__item-inner\"><a class=\"novaworks-images-layout__link\" href=\"https:\/\/www.serviciosweb.com.co\/gari-urban\/wp-content\/uploads\/2025\/05\/b_2.png\" data-elementor-open-lightbox=\"yes\" data-elementor-lightbox-slideshow=\"decc395\"><div class=\"novaworks-carousel__image\"><img decoding=\"async\" src=\"data:image\/gif;base64,R0lGODlhAQABAIAAAP\/\/\/wAAACH5BAEAAAAALAAAAAABAAEAAAICRAEAOw==\" data-src=\"https:\/\/gariurban.com\/wp-content\/uploads\/2025\/05\/b_2.png\" alt=\"\" class=\"nova-lazyload-image novaworks-images-layout__image-instance\" width=\"76\" height=\"72\" srcset=\"data:image\/gif;base64,R0lGODlhAQABAIAAAP\/\/\/wAAACH5BAEAAAAALAAAAAABAAEAAAICRAEAOw==\"><\/div><\/a><\/div>\n<\/div>\n<div class=\"novaworks-carousel__item\">\n\t<div class=\"novaworks-carousel__item-inner\"><a class=\"novaworks-images-layout__link\" href=\"https:\/\/www.serviciosweb.com.co\/gari-urban\/wp-content\/uploads\/2025\/05\/b_3.png\" data-elementor-open-lightbox=\"yes\" data-elementor-lightbox-slideshow=\"decc395\"><div class=\"novaworks-carousel__image\"><img loading=\"lazy\" decoding=\"async\" src=\"data:image\/gif;base64,R0lGODlhAQABAIAAAP\/\/\/wAAACH5BAEAAAAALAAAAAABAAEAAAICRAEAOw==\" data-src=\"https:\/\/gariurban.com\/wp-content\/uploads\/2025\/05\/b_3.png\" alt=\"\" class=\"nova-lazyload-image novaworks-images-layout__image-instance\" width=\"84\" height=\"72\" srcset=\"data:image\/gif;base64,R0lGODlhAQABAIAAAP\/\/\/wAAACH5BAEAAAAALAAAAAABAAEAAAICRAEAOw==\"><\/div><\/a><\/div>\n<\/div>\n<div class=\"novaworks-carousel__item\">\n\t<div class=\"novaworks-carousel__item-inner\"><a class=\"novaworks-images-layout__link\" href=\"https:\/\/www.serviciosweb.com.co\/gari-urban\/wp-content\/uploads\/2025\/05\/b_4.png\" data-elementor-open-lightbox=\"yes\" data-elementor-lightbox-slideshow=\"decc395\"><div class=\"novaworks-carousel__image\"><img loading=\"lazy\" decoding=\"async\" src=\"data:image\/gif;base64,R0lGODlhAQABAIAAAP\/\/\/wAAACH5BAEAAAAALAAAAAABAAEAAAICRAEAOw==\" data-src=\"https:\/\/gariurban.com\/wp-content\/uploads\/2025\/05\/b_4.png\" alt=\"\" class=\"nova-lazyload-image novaworks-images-layout__image-instance\" width=\"174\" height=\"72\" srcset=\"data:image\/gif;base64,R0lGODlhAQABAIAAAP\/\/\/wAAACH5BAEAAAAALAAAAAABAAEAAAICRAEAOw==\"><\/div><\/a><\/div>\n<\/div>\n<div class=\"novaworks-carousel__item\">\n\t<div class=\"novaworks-carousel__item-inner\"><a class=\"novaworks-images-layout__link\" href=\"https:\/\/www.serviciosweb.com.co\/gari-urban\/wp-content\/uploads\/2025\/05\/b_5.png\" data-elementor-open-lightbox=\"yes\" data-elementor-lightbox-slideshow=\"decc395\"><div class=\"novaworks-carousel__image\"><img loading=\"lazy\" decoding=\"async\" src=\"data:image\/gif;base64,R0lGODlhAQABAIAAAP\/\/\/wAAACH5BAEAAAAALAAAAAABAAEAAAICRAEAOw==\" data-src=\"https:\/\/gariurban.com\/wp-content\/uploads\/2025\/05\/b_5.png\" alt=\"\" class=\"nova-lazyload-image novaworks-images-layout__image-instance\" width=\"200\" height=\"72\" srcset=\"data:image\/gif;base64,R0lGODlhAQABAIAAAP\/\/\/wAAACH5BAEAAAAALAAAAAABAAEAAAICRAEAOw==\"><\/div><\/a><\/div>\n<\/div>\n<div class=\"novaworks-carousel__item\">\n\t<div class=\"novaworks-carousel__item-inner\"><a class=\"novaworks-images-layout__link\" href=\"https:\/\/www.serviciosweb.com.co\/gari-urban\/wp-content\/uploads\/2025\/05\/b_6.png\" data-elementor-open-lightbox=\"yes\" data-elementor-lightbox-slideshow=\"decc395\"><div class=\"novaworks-carousel__image\"><img loading=\"lazy\" decoding=\"async\" src=\"data:image\/gif;base64,R0lGODlhAQABAIAAAP\/\/\/wAAACH5BAEAAAAALAAAAAABAAEAAAICRAEAOw==\" data-src=\"https:\/\/gariurban.com\/wp-content\/uploads\/2025\/05\/b_6.png\" alt=\"\" class=\"nova-lazyload-image novaworks-images-layout__image-instance\" width=\"59\" height=\"72\" srcset=\"data:image\/gif;base64,R0lGODlhAQABAIAAAP\/\/\/wAAACH5BAEAAAAALAAAAAABAAEAAAICRAEAOw==\"><\/div><\/a><\/div>\n<\/div>\n<div class=\"novaworks-carousel__item\">\n\t<div class=\"novaworks-carousel__item-inner\"><a class=\"novaworks-images-layout__link\" href=\"https:\/\/www.serviciosweb.com.co\/gari-urban\/wp-content\/uploads\/2025\/05\/b_7.png\" data-elementor-open-lightbox=\"yes\" data-elementor-lightbox-slideshow=\"decc395\"><div class=\"novaworks-carousel__image\"><img loading=\"lazy\" decoding=\"async\" src=\"data:image\/gif;base64,R0lGODlhAQABAIAAAP\/\/\/wAAACH5BAEAAAAALAAAAAABAAEAAAICRAEAOw==\" data-src=\"https:\/\/gariurban.com\/wp-content\/uploads\/2025\/05\/b_7.png\" alt=\"\" class=\"nova-lazyload-image novaworks-images-layout__image-instance\" width=\"211\" height=\"72\" srcset=\"data:image\/gif;base64,R0lGODlhAQABAIAAAP\/\/\/wAAACH5BAEAAAAALAAAAAABAAEAAAICRAEAOw==\"><\/div><\/a><\/div>\n<\/div>\n<\/div><\/div>\t\t\t\t<\/div>\n\t\t\t\t<\/div>\n\t\t\t\t\t<\/div>\n\t\t<\/div>\n\t\t\t\t\t<\/div>\n\t\t<\/div>\n\t\t\t\t<\/div>\n\t\t","protected":false},"excerpt":{"rendered":"<p>Qui\u00e9nes Somos Somos creadores de tendencias oversize para dama y caballero dise\u00f1os exclusivos. Nos inspira el arte urbano, la m\u00fasica, el skate, el hip hop, y todo lo que representa la libertad de ser uno mismo. Cada prenda que dise\u00f1amos o seleccionamos habla por ti, porque sabemos que tu ropa es una forma de decirle al mundo qui\u00e9n eres. Ofrecemos\u2026<\/p>\n","protected":false},"author":1,"featured_media":0,"parent":0,"menu_order":0,"comment_status":"closed","ping_status":"closed","template":"","meta":{"footnotes":""},"class_list":["post-2880","page","type-page","status-publish","hentry"],"_links":{"self":[{"href":"https:\/\/gariurban.com\/index.php?rest_route=\/wp\/v2\/pages\/2880","targetHints":{"allow":["GET"]}}],"collection":[{"href":"https:\/\/gariurban.com\/index.php?rest_route=\/wp\/v2\/pages"}],"about":[{"href":"https:\/\/gariurban.com\/index.php?rest_route=\/wp\/v2\/types\/page"}],"author":[{"embeddable":true,"href":"https:\/\/gariurban.com\/index.php?rest_route=\/wp\/v2\/users\/1"}],"replies":[{"embeddable":true,"href":"https:\/\/gariurban.com\/index.php?rest_route=%2Fwp%2Fv2%2Fcomments&post=2880"}],"version-history":[{"count":8,"href":"https:\/\/gariurban.com\/index.php?rest_route=\/wp\/v2\/pages\/2880\/revisions"}],"predecessor-version":[{"id":3203,"href":"https:\/\/gariurban.com\/index.php?rest_route=\/wp\/v2\/pages\/2880\/revisions\/3203"}],"wp:attachment":[{"href":"https:\/\/gariurban.com\/index.php?rest_route=%2Fwp%2Fv2%2Fmedia&parent=2880"}],"curies":[{"name":"wp","href":"https:\/\/api.w.org\/{rel}","templated":true}]}}